{"id":1673,"date":"2025-09-15T13:58:52","date_gmt":"2025-09-15T13:58:52","guid":{"rendered":"https:\/\/fantix.nuna.tech\/soluciones\/"},"modified":"2025-10-26T14:13:36","modified_gmt":"2025-10-26T14:13:36","slug":"soluciones","status":"publish","type":"page","link":"https:\/\/fantix.nuna.tech\/es\/soluciones\/","title":{"rendered":"SOLUCIONES"},"content":{"rendered":"\t\t<div data-elementor-type=\"wp-page\" data-elementor-id=\"1673\" class=\"elementor elementor-1673 elementor-1123\" data-elementor-post-type=\"page\">\n\t\t\t\t<div class=\"elementor-element elementor-element-f7b365a e-con-full e-flex e-con e-parent\" data-id=\"f7b365a\" data-element_type=\"container\" data-e-type=\"container\" data-settings=\"{&quot;background_background&quot;:&quot;classic&quot;}\">\n\t\t\t\t<\/div>\n\t\t<div class=\"elementor-element elementor-element-225f148 principal e-flex e-con-boxed e-con e-parent\" data-id=\"225f148\" data-element_type=\"container\" data-e-type=\"container\" data-settings=\"{&quot;background_background&quot;:&quot;gradient&quot;}\">\n\t\t\t\t\t<div class=\"e-con-inner\">\n\t\t<div class=\"elementor-element elementor-element-0e7c054 e-flex e-con-boxed elementor-invisible e-con e-child\" data-id=\"0e7c054\" data-element_type=\"container\" data-e-type=\"container\" data-settings=\"{&quot;animation&quot;:&quot;fadeIn&quot;}\">\n\t\t\t\t\t<div class=\"e-con-inner\">\n\t\t\t\t<div class=\"elementor-element elementor-element-9527e6e elementor-invisible elementor-widget elementor-widget-heading\" data-id=\"9527e6e\" data-element_type=\"widget\" data-e-type=\"widget\" data-settings=\"{&quot;_animation&quot;:&quot;fadeIn&quot;}\" data-widget_type=\"heading.default\">\n\t\t\t\t\t<h1 class=\"elementor-heading-title elementor-size-default\">Soluciones Digitales Avanzadas<\/h1>\t\t\t\t<\/div>\n\t\t\t\t<div class=\"elementor-element elementor-element-1607ebf elementor-invisible elementor-widget elementor-widget-heading\" data-id=\"1607ebf\" data-element_type=\"widget\" data-e-type=\"widget\" data-settings=\"{&quot;_animation&quot;:&quot;fadeIn&quot;}\" data-widget_type=\"heading.default\">\n\t\t\t\t\t<h3 class=\"elementor-heading-title elementor-size-default\">Eleve el nivel con una <span style=\"color: #0072E7\">venta de tickets segura y sin complicaciones.<\/span><\/h3>\t\t\t\t<\/div>\n\t\t\t\t\t<\/div>\n\t\t\t\t<\/div>\n\t\t\t\t\t<\/div>\n\t\t\t\t<\/div>\n\t\t<div class=\"elementor-element elementor-element-95709d9 e-flex e-con-boxed e-con e-parent\" data-id=\"95709d9\" data-element_type=\"container\" data-e-type=\"container\" data-settings=\"{&quot;background_background&quot;:&quot;classic&quot;}\">\n\t\t\t\t\t<div class=\"e-con-inner\">\n\t\t<div class=\"elementor-element elementor-element-8bb8853 e-con-full e-flex e-con e-child\" data-id=\"8bb8853\" data-element_type=\"container\" data-e-type=\"container\">\n\t\t<div class=\"elementor-element elementor-element-3706796 e-con-full e-flex e-con e-child\" data-id=\"3706796\" data-element_type=\"container\" data-e-type=\"container\">\n\t\t\t\t<div class=\"elementor-element elementor-element-73b95e8 elementor-invisible elementor-widget elementor-widget-heading\" data-id=\"73b95e8\" data-element_type=\"widget\" data-e-type=\"widget\" data-settings=\"{&quot;_animation&quot;:&quot;fadeIn&quot;}\" data-widget_type=\"heading.default\">\n\t\t\t\t\t<h2 class=\"elementor-heading-title elementor-size-default\">Venta de Tickets Omnicanal<\/h2>\t\t\t\t<\/div>\n\t\t\t\t<\/div>\n\t\t<div class=\"elementor-element elementor-element-722076c e-con-full e-flex e-con e-child\" data-id=\"722076c\" data-element_type=\"container\" data-e-type=\"container\">\n\t\t\t\t<div class=\"elementor-element elementor-element-9512f58 elementor-invisible elementor-widget elementor-widget-text-editor\" data-id=\"9512f58\" data-element_type=\"widget\" data-e-type=\"widget\" data-settings=\"{&quot;_animation&quot;:&quot;fadeIn&quot;}\" data-widget_type=\"text-editor.default\">\n\t\t\t\t\t\t\t\t\t<p><span style=\"font-weight: 400;\">Tome el control de cada canal de venta: web, taquilla, centro de llamadas, socios B2B, distribuidores y patrocinadores, todo desde una plataforma integrada.<\/span><\/p>\t\t\t\t\t\t\t\t<\/div>\n\t\t\t\t<\/div>\n\t\t\t\t<\/div>\n\t\t\t\t\t<\/div>\n\t\t\t\t<\/div>\n\t\t<div class=\"elementor-element elementor-element-9569f74 e-flex e-con-boxed e-con e-parent\" data-id=\"9569f74\" data-element_type=\"container\" data-e-type=\"container\" data-settings=\"{&quot;background_background&quot;:&quot;classic&quot;}\">\n\t\t\t\t\t<div class=\"e-con-inner\">\n\t\t<div class=\"elementor-element elementor-element-d81b2f6 e-con-full e-flex e-con e-child\" data-id=\"d81b2f6\" data-element_type=\"container\" data-e-type=\"container\">\n\t\t<div class=\"elementor-element elementor-element-302e80f e-con-full e-flex e-con e-child\" data-id=\"302e80f\" data-element_type=\"container\" data-e-type=\"container\">\n\t\t\t\t<div class=\"elementor-element elementor-element-6ee74d0 elementor-invisible elementor-widget elementor-widget-heading\" data-id=\"6ee74d0\" data-element_type=\"widget\" data-e-type=\"widget\" data-settings=\"{&quot;_animation&quot;:&quot;fadeIn&quot;}\" data-widget_type=\"heading.default\">\n\t\t\t\t\t<h2 class=\"elementor-heading-title elementor-size-default\">Venda M\u00e1s que Tickets<\/h2>\t\t\t\t<\/div>\n\t\t\t\t<\/div>\n\t\t<div class=\"elementor-element elementor-element-aa6581e e-con-full e-flex e-con e-child\" data-id=\"aa6581e\" data-element_type=\"container\" data-e-type=\"container\">\n\t\t\t\t<div class=\"elementor-element elementor-element-88ed889 elementor-invisible elementor-widget elementor-widget-text-editor\" data-id=\"88ed889\" data-element_type=\"widget\" data-e-type=\"widget\" data-settings=\"{&quot;_animation&quot;:&quot;fadeIn&quot;}\" data-widget_type=\"text-editor.default\">\n\t\t\t\t\t\t\t\t\t<p><span style=\"font-weight: 400;\">Desbloquee nuevas fuentes de ingresos: abonos de temporada, membres\u00edas, tarjetas de fidelizaci\u00f3n, visitas guiadas, visitas en grupo, merchandising, vales de regalo y mucho m\u00e1s.<\/span><\/p>\t\t\t\t\t\t\t\t<\/div>\n\t\t\t\t<\/div>\n\t\t\t\t<\/div>\n\t\t\t\t\t<\/div>\n\t\t\t\t<\/div>\n\t\t<div class=\"elementor-element elementor-element-8e7e89d e-flex e-con-boxed e-con e-parent\" data-id=\"8e7e89d\" data-element_type=\"container\" data-e-type=\"container\" data-settings=\"{&quot;background_background&quot;:&quot;classic&quot;}\">\n\t\t\t\t\t<div class=\"e-con-inner\">\n\t\t<div class=\"elementor-element elementor-element-56bb0c6 e-con-full e-flex e-con e-child\" data-id=\"56bb0c6\" data-element_type=\"container\" data-e-type=\"container\">\n\t\t<div class=\"elementor-element elementor-element-54f77d1 e-con-full e-flex e-con e-child\" data-id=\"54f77d1\" data-element_type=\"container\" data-e-type=\"container\">\n\t\t\t\t<div class=\"elementor-element elementor-element-58be46b elementor-invisible elementor-widget elementor-widget-heading\" data-id=\"58be46b\" data-element_type=\"widget\" data-e-type=\"widget\" data-settings=\"{&quot;_animation&quot;:&quot;fadeIn&quot;}\" data-widget_type=\"heading.default\">\n\t\t\t\t\t<h2 class=\"elementor-heading-title elementor-size-default\">Gesti\u00f3n de M\u00faltiples Recintos<\/h2>\t\t\t\t<\/div>\n\t\t\t\t<\/div>\n\t\t<div class=\"elementor-element elementor-element-5d53b0a e-con-full e-flex e-con e-child\" data-id=\"5d53b0a\" data-element_type=\"container\" data-e-type=\"container\">\n\t\t\t\t<div class=\"elementor-element elementor-element-5f9944b elementor-invisible elementor-widget elementor-widget-text-editor\" data-id=\"5f9944b\" data-element_type=\"widget\" data-e-type=\"widget\" data-settings=\"{&quot;_animation&quot;:&quot;fadeIn&quot;}\" data-widget_type=\"text-editor.default\">\n\t\t\t\t\t\t\t\t\t<p><span style=\"font-weight: 400;\">Gestione f\u00e1cilmente las ventas de partidos, conciertos o exposiciones en m\u00faltiples recintos. Su p\u00fablico lo ve todo, de forma clara y sencilla.<\/span><\/p>\t\t\t\t\t\t\t\t<\/div>\n\t\t\t\t<\/div>\n\t\t\t\t<\/div>\n\t\t\t\t\t<\/div>\n\t\t\t\t<\/div>\n\t\t<div class=\"elementor-element elementor-element-0fca6d3 e-flex e-con-boxed e-con e-parent\" data-id=\"0fca6d3\" data-element_type=\"container\" data-e-type=\"container\" data-settings=\"{&quot;background_background&quot;:&quot;classic&quot;}\">\n\t\t\t\t\t<div class=\"e-con-inner\">\n\t\t<div class=\"elementor-element elementor-element-ad06b2d e-con-full e-flex e-con e-child\" data-id=\"ad06b2d\" data-element_type=\"container\" data-e-type=\"container\">\n\t\t<div class=\"elementor-element elementor-element-e45eec8 e-con-full e-flex e-con e-child\" data-id=\"e45eec8\" data-element_type=\"container\" data-e-type=\"container\">\n\t\t\t\t<div class=\"elementor-element elementor-element-8c0c338 elementor-invisible elementor-widget elementor-widget-heading\" data-id=\"8c0c338\" data-element_type=\"widget\" data-e-type=\"widget\" data-settings=\"{&quot;_animation&quot;:&quot;fadeIn&quot;}\" data-widget_type=\"heading.default\">\n\t\t\t\t\t<h2 class=\"elementor-heading-title elementor-size-default\">Su Propio Mercado de Reventa de Tickets<\/h2>\t\t\t\t<\/div>\n\t\t\t\t<\/div>\n\t\t<div class=\"elementor-element elementor-element-dc31456 e-con-full e-flex e-con e-child\" data-id=\"dc31456\" data-element_type=\"container\" data-e-type=\"container\">\n\t\t\t\t<div class=\"elementor-element elementor-element-8fb7e3b elementor-invisible elementor-widget elementor-widget-text-editor\" data-id=\"8fb7e3b\" data-element_type=\"widget\" data-e-type=\"widget\" data-settings=\"{&quot;_animation&quot;:&quot;fadeIn&quot;}\" data-widget_type=\"text-editor.default\">\n\t\t\t\t\t\t\t\t\t<p><span style=\"font-weight: 400;\">Detenga el fraude y la especulaci\u00f3n con un mercado de reventa seguro dentro de la plataforma. Los fans comercian de forma segura dentro de sus reglas y l\u00edmites de precio.<\/span><\/p>\t\t\t\t\t\t\t\t<\/div>\n\t\t\t\t<\/div>\n\t\t\t\t<\/div>\n\t\t\t\t\t<\/div>\n\t\t\t\t<\/div>\n\t\t<div class=\"elementor-element elementor-element-23d08fd e-flex e-con-boxed e-con e-parent\" data-id=\"23d08fd\" data-element_type=\"container\" data-e-type=\"container\" data-settings=\"{&quot;background_background&quot;:&quot;classic&quot;}\">\n\t\t\t\t\t<div class=\"e-con-inner\">\n\t\t<div class=\"elementor-element elementor-element-57e4c12 e-con-full e-flex e-con e-child\" data-id=\"57e4c12\" data-element_type=\"container\" data-e-type=\"container\">\n\t\t<div class=\"elementor-element elementor-element-5b3c9e5 e-con-full e-flex e-con e-child\" data-id=\"5b3c9e5\" data-element_type=\"container\" data-e-type=\"container\">\n\t\t\t\t<div class=\"elementor-element elementor-element-a7df715 elementor-invisible elementor-widget elementor-widget-heading\" data-id=\"a7df715\" data-element_type=\"widget\" data-e-type=\"widget\" data-settings=\"{&quot;_animation&quot;:&quot;fadeIn&quot;}\" data-widget_type=\"heading.default\">\n\t\t\t\t\t<h2 class=\"elementor-heading-title elementor-size-default\">Ventas B2B y de Hospitalidad<\/h2>\t\t\t\t<\/div>\n\t\t\t\t<\/div>\n\t\t<div class=\"elementor-element elementor-element-3fb0a98 e-con-full e-flex e-con e-child\" data-id=\"3fb0a98\" data-element_type=\"container\" data-e-type=\"container\">\n\t\t\t\t<div class=\"elementor-element elementor-element-22ebeb7 elementor-invisible elementor-widget elementor-widget-text-editor\" data-id=\"22ebeb7\" data-element_type=\"widget\" data-e-type=\"widget\" data-settings=\"{&quot;_animation&quot;:&quot;fadeIn&quot;}\" data-widget_type=\"text-editor.default\">\n\t\t\t\t\t\t\t\t\t<p><span style=\"font-weight: 400;\">A\u00f1ada valor y empodere a sus patrocinadores y clientes corporativos con herramientas dedicadas para gestionar el acceso VIP, los salones y la distribuci\u00f3n de tickets, de forma independiente, impulsando el crecimiento de los ingresos en sincron\u00eda con su negocio.<\/span><\/p>\t\t\t\t\t\t\t\t<\/div>\n\t\t\t\t<\/div>\n\t\t\t\t<\/div>\n\t\t\t\t\t<\/div>\n\t\t\t\t<\/div>\n\t\t<div class=\"elementor-element elementor-element-5f283f1 e-flex e-con-boxed e-con e-parent\" data-id=\"5f283f1\" data-element_type=\"container\" data-e-type=\"container\" data-settings=\"{&quot;background_background&quot;:&quot;classic&quot;}\">\n\t\t\t\t\t<div class=\"e-con-inner\">\n\t\t<div class=\"elementor-element elementor-element-8cd4be4 e-con-full e-flex e-con e-child\" data-id=\"8cd4be4\" data-element_type=\"container\" data-e-type=\"container\">\n\t\t<div class=\"elementor-element elementor-element-ae15b4f e-con-full e-flex e-con e-child\" data-id=\"ae15b4f\" data-element_type=\"container\" data-e-type=\"container\">\n\t\t\t\t<div class=\"elementor-element elementor-element-cd7079d elementor-invisible elementor-widget elementor-widget-heading\" data-id=\"cd7079d\" data-element_type=\"widget\" data-e-type=\"widget\" data-settings=\"{&quot;_animation&quot;:&quot;fadeIn&quot;}\" data-widget_type=\"heading.default\">\n\t\t\t\t\t<h2 class=\"elementor-heading-title elementor-size-default\">Venta de Abonos de Temporada con Facilidad<\/h2>\t\t\t\t<\/div>\n\t\t\t\t<\/div>\n\t\t<div class=\"elementor-element elementor-element-2593e48 e-con-full e-flex e-con e-child\" data-id=\"2593e48\" data-element_type=\"container\" data-e-type=\"container\">\n\t\t\t\t<div class=\"elementor-element elementor-element-7427e53 elementor-invisible elementor-widget elementor-widget-text-editor\" data-id=\"7427e53\" data-element_type=\"widget\" data-e-type=\"widget\" data-settings=\"{&quot;_animation&quot;:&quot;fadeIn&quot;}\" data-widget_type=\"text-editor.default\">\n\t\t\t\t\t\t\t\t\t<p><span style=\"font-weight: 400;\">Los fans pueden renovar, cambiar de asiento y a\u00f1adir mejoras f\u00e1cilmente con unos pocos clics, mientras que su equipo ahorra cientos de horas de gastos generales y llamadas telef\u00f3nicas.<\/span><\/p>\t\t\t\t\t\t\t\t<\/div>\n\t\t\t\t<\/div>\n\t\t\t\t<\/div>\n\t\t\t\t\t<\/div>\n\t\t\t\t<\/div>\n\t\t<div class=\"elementor-element elementor-element-a86ee9b e-flex e-con-boxed e-con e-parent\" data-id=\"a86ee9b\" data-element_type=\"container\" data-e-type=\"container\" data-settings=\"{&quot;background_background&quot;:&quot;gradient&quot;}\">\n\t\t\t\t\t<div class=\"e-con-inner\">\n\t\t<div class=\"elementor-element elementor-element-c134e44 e-con-full e-flex e-con e-child\" data-id=\"c134e44\" data-element_type=\"container\" data-e-type=\"container\">\n\t\t<div class=\"elementor-element elementor-element-6daa278 e-con-full e-flex elementor-invisible e-con e-child\" data-id=\"6daa278\" data-element_type=\"container\" data-e-type=\"container\" data-settings=\"{&quot;background_background&quot;:&quot;gradient&quot;,&quot;animation&quot;:&quot;fadeIn&quot;}\">\n\t\t\t\t<div class=\"elementor-element elementor-element-18abbca elementor-widget elementor-widget-heading\" data-id=\"18abbca\" data-element_type=\"widget\" data-e-type=\"widget\" data-widget_type=\"heading.default\">\n\t\t\t\t\t<h2 class=\"elementor-heading-title elementor-size-default\">Menores Costes, Mayor Eficiencia<\/h2>\t\t\t\t<\/div>\n\t\t\t\t<div class=\"elementor-element elementor-element-f465593 elementor-widget elementor-widget-text-editor\" data-id=\"f465593\" data-element_type=\"widget\" data-e-type=\"widget\" data-widget_type=\"text-editor.default\">\n\t\t\t\t\t\t\t\t\t<p><span style=\"font-weight: 400;\">Automatice el trabajo administrativo y centre a su equipo en ventas y marketing de alto valor.<\/span><\/p>\t\t\t\t\t\t\t\t<\/div>\n\t\t\t\t<\/div>\n\t\t<div class=\"elementor-element elementor-element-f3c26a8 e-con-full e-flex elementor-invisible e-con e-child\" data-id=\"f3c26a8\" data-element_type=\"container\" data-e-type=\"container\" data-settings=\"{&quot;background_background&quot;:&quot;gradient&quot;,&quot;animation&quot;:&quot;fadeIn&quot;}\">\n\t\t\t\t<div class=\"elementor-element elementor-element-9de72b3 elementor-widget elementor-widget-heading\" data-id=\"9de72b3\" data-element_type=\"widget\" data-e-type=\"widget\" data-widget_type=\"heading.default\">\n\t\t\t\t\t<h2 class=\"elementor-heading-title elementor-size-default\">Hallazgos sobre el P\u00fablico Basados en Datos<\/h2>\t\t\t\t<\/div>\n\t\t\t\t<div class=\"elementor-element elementor-element-729a743 elementor-widget elementor-widget-text-editor\" data-id=\"729a743\" data-element_type=\"widget\" data-e-type=\"widget\" data-widget_type=\"text-editor.default\">\n\t\t\t\t\t\t\t\t\t<p><span style=\"font-weight: 400;\">Obtenga una visi\u00f3n de 360\u00b0 de su p\u00fablico (qui\u00e9nes son, qu\u00e9 les gusta y c\u00f3mo interact\u00faan) para crear ofertas irresistibles, lanzar campa\u00f1as personalizadas y crear momentos significativos para los fans que impulsen la fidelidad y los ingresos. Realice un seguimiento del rendimiento en tiempo real y siga mejorando con cada evento.<\/span><\/p>\t\t\t\t\t\t\t\t<\/div>\n\t\t\t\t<\/div>\n\t\t\t\t<\/div>\n\t\t<div class=\"elementor-element elementor-element-b48a21d e-con-full e-flex e-con e-child\" data-id=\"b48a21d\" data-element_type=\"container\" data-e-type=\"container\">\n\t\t<div class=\"elementor-element elementor-element-5bc3160 e-con-full e-flex elementor-invisible e-con e-child\" data-id=\"5bc3160\" data-element_type=\"container\" data-e-type=\"container\" data-settings=\"{&quot;background_background&quot;:&quot;gradient&quot;,&quot;animation&quot;:&quot;fadeIn&quot;}\">\n\t\t\t\t<div class=\"elementor-element elementor-element-598ce96 elementor-widget elementor-widget-heading\" data-id=\"598ce96\" data-element_type=\"widget\" data-e-type=\"widget\" data-widget_type=\"heading.default\">\n\t\t\t\t\t<h2 class=\"elementor-heading-title elementor-size-default\">Integraciones Perfectas<\/h2>\t\t\t\t<\/div>\n\t\t\t\t<div class=\"elementor-element elementor-element-3791946 elementor-widget elementor-widget-text-editor\" data-id=\"3791946\" data-element_type=\"widget\" data-e-type=\"widget\" data-widget_type=\"text-editor.default\">\n\t\t\t\t\t\t\t\t\t<p><span style=\"font-weight: 400;\">Integre f\u00e1cilmente la plataforma de venta de tickets con su ecosistema existente (ERP, CRM, Web, App) o con soluciones de terceros como seguros y programas de fidelizaci\u00f3n.<\/span><\/p>\t\t\t\t\t\t\t\t<\/div>\n\t\t\t\t<\/div>\n\t\t<div class=\"elementor-element elementor-element-18683ae e-con-full e-flex elementor-invisible e-con e-child\" data-id=\"18683ae\" data-element_type=\"container\" data-e-type=\"container\" data-settings=\"{&quot;background_background&quot;:&quot;gradient&quot;,&quot;animation&quot;:&quot;fadeIn&quot;}\">\n\t\t\t\t<div class=\"elementor-element elementor-element-e002bb9 elementor-widget elementor-widget-heading\" data-id=\"e002bb9\" data-element_type=\"widget\" data-e-type=\"widget\" data-widget_type=\"heading.default\">\n\t\t\t\t\t<h2 class=\"elementor-heading-title elementor-size-default\">Ofrezca la selecci\u00f3n de asientos 3D en l\u00ednea<\/h2>\t\t\t\t<\/div>\n\t\t\t\t<div class=\"elementor-element elementor-element-3707079 elementor-widget elementor-widget-text-editor\" data-id=\"3707079\" data-element_type=\"widget\" data-e-type=\"widget\" data-widget_type=\"text-editor.default\">\n\t\t\t\t\t\t\t\t\t<p><span style=\"font-weight: 400;\">Los mapas interactivos en 3D permiten a los fans elegir sus asientos en l\u00ednea y visualizar la vista en tiempo real.<\/span><\/p>\t\t\t\t\t\t\t\t<\/div>\n\t\t\t\t<\/div>\n\t\t\t\t<\/div>\n\t\t\t\t\t<\/div>\n\t\t\t\t<\/div>\n\t\t<div class=\"elementor-element elementor-element-42be7b4 e-con-full elementor-hidden-desktop elementor-hidden-tablet elementor-hidden-mobile e-flex e-con e-parent\" data-id=\"42be7b4\" data-element_type=\"container\" data-e-type=\"container\" data-settings=\"{&quot;background_background&quot;:&quot;gradient&quot;}\">\n\t\t<div class=\"elementor-element elementor-element-89bc625 e-con-full e-flex e-con e-child\" data-id=\"89bc625\" data-element_type=\"container\" data-e-type=\"container\">\n\t\t<div class=\"elementor-element elementor-element-067a8d9 e-con-full e-flex e-con e-child\" data-id=\"067a8d9\" data-element_type=\"container\" data-e-type=\"container\">\n\t\t\t\t<div class=\"elementor-element elementor-element-4a702c8 elementor-widget elementor-widget-image\" data-id=\"4a702c8\" data-element_type=\"widget\" data-e-type=\"widget\" data-widget_type=\"image.default\">\n\t\t\t\t\t\t\t\t\t\t\t\t\t\t\t<img fetchpriority=\"high\" decoding=\"async\" width=\"962\" height=\"1200\" src=\"https:\/\/fantix.nuna.tech\/wp-content\/uploads\/2025\/09\/mitch-rosen-g9SNY0aLMF0-unsplash-1.webp\" class=\"attachment-full size-full wp-image-1674\" alt=\"\" srcset=\"https:\/\/fantix.nuna.tech\/wp-content\/uploads\/2025\/09\/mitch-rosen-g9SNY0aLMF0-unsplash-1.webp 962w, https:\/\/fantix.nuna.tech\/wp-content\/uploads\/2025\/09\/mitch-rosen-g9SNY0aLMF0-unsplash-1-241x300.webp 241w, https:\/\/fantix.nuna.tech\/wp-content\/uploads\/2025\/09\/mitch-rosen-g9SNY0aLMF0-unsplash-1-821x1024.webp 821w, https:\/\/fantix.nuna.tech\/wp-content\/uploads\/2025\/09\/mitch-rosen-g9SNY0aLMF0-unsplash-1-768x958.webp 768w\" sizes=\"(max-width: 962px) 100vw, 962px\" \/>\t\t\t\t\t\t\t\t\t\t\t\t\t\t\t<\/div>\n\t\t\t\t<\/div>\n\t\t<div class=\"elementor-element elementor-element-4022d3f e-con-full e-flex e-con e-child\" data-id=\"4022d3f\" data-element_type=\"container\" data-e-type=\"container\">\n\t\t<div class=\"elementor-element elementor-element-47dbb42 e-con-full e-flex e-con e-child\" data-id=\"47dbb42\" data-element_type=\"container\" data-e-type=\"container\">\n\t\t\t\t<div class=\"elementor-element elementor-element-707f985 elementor-invisible elementor-widget elementor-widget-heading\" data-id=\"707f985\" data-element_type=\"widget\" data-e-type=\"widget\" data-settings=\"{&quot;_animation&quot;:&quot;fadeIn&quot;}\" data-widget_type=\"heading.default\">\n\t\t\t\t\t<h2 class=\"elementor-heading-title elementor-size-default\">Ingresos por Servicios B2B y de Hospitality<\/h2>\t\t\t\t<\/div>\n\t\t\t\t<div class=\"elementor-element elementor-element-ee19222 elementor-widget__width-initial elementor-invisible elementor-widget elementor-widget-text-editor\" data-id=\"ee19222\" data-element_type=\"widget\" data-e-type=\"widget\" data-settings=\"{&quot;_animation&quot;:&quot;fadeIn&quot;}\" data-widget_type=\"text-editor.default\">\n\t\t\t\t\t\t\t\t\t<p>Ampl\u00ede la venta de tickets a una rica oferta de productos: tickets, abonos de temporada, tarjetas de fidelizaci\u00f3n, visitas guiadas, visitas en grupo, eventos privados, mercanc\u00eda, vales y mucho m\u00e1s.<\/p>\t\t\t\t\t\t\t\t<\/div>\n\t\t\t\t<\/div>\n\t\t<div class=\"elementor-element elementor-element-c28f060 e-con-full e-flex e-con e-child\" data-id=\"c28f060\" data-element_type=\"container\" data-e-type=\"container\">\n\t\t\t\t<div class=\"elementor-element elementor-element-b668687 elementor-invisible elementor-widget elementor-widget-heading\" data-id=\"b668687\" data-element_type=\"widget\" data-e-type=\"widget\" data-settings=\"{&quot;_animation&quot;:&quot;fadeIn&quot;}\" data-widget_type=\"heading.default\">\n\t\t\t\t\t<h2 class=\"elementor-heading-title elementor-size-default\">Venta de Abonos de Temporada sin Complicaciones<\/h2>\t\t\t\t<\/div>\n\t\t\t\t<div class=\"elementor-element elementor-element-3df7e49 elementor-invisible elementor-widget elementor-widget-text-editor\" data-id=\"3df7e49\" data-element_type=\"widget\" data-e-type=\"widget\" data-settings=\"{&quot;_animation&quot;:&quot;fadeIn&quot;}\" data-widget_type=\"text-editor.default\">\n\t\t\t\t\t\t\t\t\t<p>Permita que los fans renueven de forma independiente los abonos de temporada en l\u00ednea, cambien y a\u00f1adan asientos, y libere a su personal de las estresantes tareas administrativas y de las interminables llamadas telef\u00f3nicas.<\/p>\t\t\t\t\t\t\t\t<\/div>\n\t\t\t\t<\/div>\n\t\t\t\t<\/div>\n\t\t\t\t<\/div>\n\t\t\t\t<\/div>\n\t\t\t\t<\/div>\n\t\t","protected":false},"excerpt":{"rendered":"<p>Soluciones Digitales Avanzadas Eleve el nivel con una venta de tickets segura y sin complicaciones. Venta de Tickets Omnicanal Tome el control de cada canal de venta: web, taquilla, centro de llamadas, socios B2B, distribuidores y patrocinadores, todo desde una plataforma integrada. Venda M\u00e1s que Tickets Desbloquee nuevas fuentes de ingresos: abonos de temporada, membres\u00edas, [&hellip;]<\/p>\n","protected":false},"author":1,"featured_media":0,"parent":0,"menu_order":0,"comment_status":"closed","ping_status":"closed","template":"","meta":{"footnotes":""},"class_list":["post-1673","page","type-page","status-publish","hentry"],"_links":{"self":[{"href":"https:\/\/fantix.nuna.tech\/es\/wp-json\/wp\/v2\/pages\/1673","targetHints":{"allow":["GET"]}}],"collection":[{"href":"https:\/\/fantix.nuna.tech\/es\/wp-json\/wp\/v2\/pages"}],"about":[{"href":"https:\/\/fantix.nuna.tech\/es\/wp-json\/wp\/v2\/types\/page"}],"author":[{"embeddable":true,"href":"https:\/\/fantix.nuna.tech\/es\/wp-json\/wp\/v2\/users\/1"}],"replies":[{"embeddable":true,"href":"https:\/\/fantix.nuna.tech\/es\/wp-json\/wp\/v2\/comments?post=1673"}],"version-history":[{"count":13,"href":"https:\/\/fantix.nuna.tech\/es\/wp-json\/wp\/v2\/pages\/1673\/revisions"}],"predecessor-version":[{"id":2011,"href":"https:\/\/fantix.nuna.tech\/es\/wp-json\/wp\/v2\/pages\/1673\/revisions\/2011"}],"wp:attachment":[{"href":"https:\/\/fantix.nuna.tech\/es\/wp-json\/wp\/v2\/media?parent=1673"}],"curies":[{"name":"wp","href":"https:\/\/api.w.org\/{rel}","templated":true}]}}