{"id":1676,"date":"2025-09-15T13:58:52","date_gmt":"2025-09-15T13:58:52","guid":{"rendered":"https:\/\/fantix.nuna.tech\/solucoes\/"},"modified":"2025-10-26T14:32:13","modified_gmt":"2025-10-26T14:32:13","slug":"solucoes","status":"publish","type":"page","link":"https:\/\/fantix.nuna.tech\/pt-br\/solucoes\/","title":{"rendered":"SOLU\u00c7\u00d5ES"},"content":{"rendered":"\t\t<div data-elementor-type=\"wp-page\" data-elementor-id=\"1676\" class=\"elementor elementor-1676 elementor-1123\" data-elementor-post-type=\"page\">\n\t\t\t\t<div class=\"elementor-element elementor-element-f7b365a e-con-full e-flex e-con e-parent\" data-id=\"f7b365a\" data-element_type=\"container\" data-e-type=\"container\" data-settings=\"{&quot;background_background&quot;:&quot;classic&quot;}\">\n\t\t\t\t<\/div>\n\t\t<div class=\"elementor-element elementor-element-225f148 principal e-flex e-con-boxed e-con e-parent\" data-id=\"225f148\" data-element_type=\"container\" data-e-type=\"container\" data-settings=\"{&quot;background_background&quot;:&quot;gradient&quot;}\">\n\t\t\t\t\t<div class=\"e-con-inner\">\n\t\t<div class=\"elementor-element elementor-element-0e7c054 e-flex e-con-boxed elementor-invisible e-con e-child\" data-id=\"0e7c054\" data-element_type=\"container\" data-e-type=\"container\" data-settings=\"{&quot;animation&quot;:&quot;fadeIn&quot;}\">\n\t\t\t\t\t<div class=\"e-con-inner\">\n\t\t\t\t<div class=\"elementor-element elementor-element-9527e6e elementor-invisible elementor-widget elementor-widget-heading\" data-id=\"9527e6e\" data-element_type=\"widget\" data-e-type=\"widget\" data-settings=\"{&quot;_animation&quot;:&quot;fadeIn&quot;}\" data-widget_type=\"heading.default\">\n\t\t\t\t\t<h1 class=\"elementor-heading-title elementor-size-default\">Solu\u00e7\u00f5es digitais avan\u00e7adas<\/h1>\t\t\t\t<\/div>\n\t\t\t\t<div class=\"elementor-element elementor-element-1607ebf elementor-invisible elementor-widget elementor-widget-heading\" data-id=\"1607ebf\" data-element_type=\"widget\" data-e-type=\"widget\" data-settings=\"{&quot;_animation&quot;:&quot;fadeIn&quot;}\" data-widget_type=\"heading.default\">\n\t\t\t\t\t<h3 class=\"elementor-heading-title elementor-size-default\">Eleve sua venda de ingressos a outro n\u00edvel, com seguran\u00e7a e integra\u00e7\u00e3o<\/h3>\t\t\t\t<\/div>\n\t\t\t\t\t<\/div>\n\t\t\t\t<\/div>\n\t\t\t\t\t<\/div>\n\t\t\t\t<\/div>\n\t\t<div class=\"elementor-element elementor-element-95709d9 e-flex e-con-boxed e-con e-parent\" data-id=\"95709d9\" data-element_type=\"container\" data-e-type=\"container\" data-settings=\"{&quot;background_background&quot;:&quot;classic&quot;}\">\n\t\t\t\t\t<div class=\"e-con-inner\">\n\t\t<div class=\"elementor-element elementor-element-8bb8853 e-con-full e-flex e-con e-child\" data-id=\"8bb8853\" data-element_type=\"container\" data-e-type=\"container\">\n\t\t<div class=\"elementor-element elementor-element-3706796 e-con-full e-flex e-con e-child\" data-id=\"3706796\" data-element_type=\"container\" data-e-type=\"container\">\n\t\t\t\t<div class=\"elementor-element elementor-element-73b95e8 elementor-invisible elementor-widget elementor-widget-heading\" data-id=\"73b95e8\" data-element_type=\"widget\" data-e-type=\"widget\" data-settings=\"{&quot;_animation&quot;:&quot;fadeIn&quot;}\" data-widget_type=\"heading.default\">\n\t\t\t\t\t<h2 class=\"elementor-heading-title elementor-size-default\">Vendas de Ingressos Omnicanal<\/h2>\t\t\t\t<\/div>\n\t\t\t\t<\/div>\n\t\t<div class=\"elementor-element elementor-element-722076c e-con-full e-flex e-con e-child\" data-id=\"722076c\" data-element_type=\"container\" data-e-type=\"container\">\n\t\t\t\t<div class=\"elementor-element elementor-element-9512f58 elementor-invisible elementor-widget elementor-widget-text-editor\" data-id=\"9512f58\" data-element_type=\"widget\" data-e-type=\"widget\" data-settings=\"{&quot;_animation&quot;:&quot;fadeIn&quot;}\" data-widget_type=\"text-editor.default\">\n\t\t\t\t\t\t\t\t\t<p><span style=\"font-weight: 400;\">Assuma o controle de todos os canais de venda: web, bilheteria, central de atendimento, parceiros B2B, distribuidores e patrocinadores, tudo em uma \u00fanica plataforma integrada.<\/span><\/p>\t\t\t\t\t\t\t\t<\/div>\n\t\t\t\t<\/div>\n\t\t\t\t<\/div>\n\t\t\t\t\t<\/div>\n\t\t\t\t<\/div>\n\t\t<div class=\"elementor-element elementor-element-9569f74 e-flex e-con-boxed e-con e-parent\" data-id=\"9569f74\" data-element_type=\"container\" data-e-type=\"container\" data-settings=\"{&quot;background_background&quot;:&quot;classic&quot;}\">\n\t\t\t\t\t<div class=\"e-con-inner\">\n\t\t<div class=\"elementor-element elementor-element-d81b2f6 e-con-full e-flex e-con e-child\" data-id=\"d81b2f6\" data-element_type=\"container\" data-e-type=\"container\">\n\t\t<div class=\"elementor-element elementor-element-302e80f e-con-full e-flex e-con e-child\" data-id=\"302e80f\" data-element_type=\"container\" data-e-type=\"container\">\n\t\t\t\t<div class=\"elementor-element elementor-element-6ee74d0 elementor-invisible elementor-widget elementor-widget-heading\" data-id=\"6ee74d0\" data-element_type=\"widget\" data-e-type=\"widget\" data-settings=\"{&quot;_animation&quot;:&quot;fadeIn&quot;}\" data-widget_type=\"heading.default\">\n\t\t\t\t\t<h2 class=\"elementor-heading-title elementor-size-default\">Venda Mais do que Ingressos<\/h2>\t\t\t\t<\/div>\n\t\t\t\t<\/div>\n\t\t<div class=\"elementor-element elementor-element-aa6581e e-con-full e-flex e-con e-child\" data-id=\"aa6581e\" data-element_type=\"container\" data-e-type=\"container\">\n\t\t\t\t<div class=\"elementor-element elementor-element-88ed889 elementor-invisible elementor-widget elementor-widget-text-editor\" data-id=\"88ed889\" data-element_type=\"widget\" data-e-type=\"widget\" data-settings=\"{&quot;_animation&quot;:&quot;fadeIn&quot;}\" data-widget_type=\"text-editor.default\">\n\t\t\t\t\t\t\t\t\t<p><span style=\"font-weight: 400;\">Desbloqueie novas fontes de receita: passes de temporada, membresias, cart\u00f5es fidelidade, excurs\u00f5es, visitas em grupo, produtos, vales-presente e muito mais.<\/span><\/p>\t\t\t\t\t\t\t\t<\/div>\n\t\t\t\t<\/div>\n\t\t\t\t<\/div>\n\t\t\t\t\t<\/div>\n\t\t\t\t<\/div>\n\t\t<div class=\"elementor-element elementor-element-8e7e89d e-flex e-con-boxed e-con e-parent\" data-id=\"8e7e89d\" data-element_type=\"container\" data-e-type=\"container\" data-settings=\"{&quot;background_background&quot;:&quot;classic&quot;}\">\n\t\t\t\t\t<div class=\"e-con-inner\">\n\t\t<div class=\"elementor-element elementor-element-56bb0c6 e-con-full e-flex e-con e-child\" data-id=\"56bb0c6\" data-element_type=\"container\" data-e-type=\"container\">\n\t\t<div class=\"elementor-element elementor-element-54f77d1 e-con-full e-flex e-con e-child\" data-id=\"54f77d1\" data-element_type=\"container\" data-e-type=\"container\">\n\t\t\t\t<div class=\"elementor-element elementor-element-58be46b elementor-invisible elementor-widget elementor-widget-heading\" data-id=\"58be46b\" data-element_type=\"widget\" data-e-type=\"widget\" data-settings=\"{&quot;_animation&quot;:&quot;fadeIn&quot;}\" data-widget_type=\"heading.default\">\n\t\t\t\t\t<h2 class=\"elementor-heading-title elementor-size-default\">Gest\u00e3o Multi-local<\/h2>\t\t\t\t<\/div>\n\t\t\t\t<\/div>\n\t\t<div class=\"elementor-element elementor-element-5d53b0a e-con-full e-flex e-con e-child\" data-id=\"5d53b0a\" data-element_type=\"container\" data-e-type=\"container\">\n\t\t\t\t<div class=\"elementor-element elementor-element-5f9944b elementor-invisible elementor-widget elementor-widget-text-editor\" data-id=\"5f9944b\" data-element_type=\"widget\" data-e-type=\"widget\" data-settings=\"{&quot;_animation&quot;:&quot;fadeIn&quot;}\" data-widget_type=\"text-editor.default\">\n\t\t\t\t\t\t\t\t\t<p><span style=\"font-weight: 400;\">Gerencie facilmente as vendas de partidas, shows ou exposi\u00e7\u00f5es em v\u00e1rios locais. Seu p\u00fablico v\u00ea tudo de forma clara e simples.<\/span><\/p>\t\t\t\t\t\t\t\t<\/div>\n\t\t\t\t<\/div>\n\t\t\t\t<\/div>\n\t\t\t\t\t<\/div>\n\t\t\t\t<\/div>\n\t\t<div class=\"elementor-element elementor-element-0fca6d3 e-flex e-con-boxed e-con e-parent\" data-id=\"0fca6d3\" data-element_type=\"container\" data-e-type=\"container\" data-settings=\"{&quot;background_background&quot;:&quot;classic&quot;}\">\n\t\t\t\t\t<div class=\"e-con-inner\">\n\t\t<div class=\"elementor-element elementor-element-ad06b2d e-con-full e-flex e-con e-child\" data-id=\"ad06b2d\" data-element_type=\"container\" data-e-type=\"container\">\n\t\t<div class=\"elementor-element elementor-element-e45eec8 e-con-full e-flex e-con e-child\" data-id=\"e45eec8\" data-element_type=\"container\" data-e-type=\"container\">\n\t\t\t\t<div class=\"elementor-element elementor-element-8c0c338 elementor-invisible elementor-widget elementor-widget-heading\" data-id=\"8c0c338\" data-element_type=\"widget\" data-e-type=\"widget\" data-settings=\"{&quot;_animation&quot;:&quot;fadeIn&quot;}\" data-widget_type=\"heading.default\">\n\t\t\t\t\t<h2 class=\"elementor-heading-title elementor-size-default\">Seu Pr\u00f3prio Marketplace de Revenda de Ingressos<\/h2>\t\t\t\t<\/div>\n\t\t\t\t<\/div>\n\t\t<div class=\"elementor-element elementor-element-dc31456 e-con-full e-flex e-con e-child\" data-id=\"dc31456\" data-element_type=\"container\" data-e-type=\"container\">\n\t\t\t\t<div class=\"elementor-element elementor-element-8fb7e3b elementor-invisible elementor-widget elementor-widget-text-editor\" data-id=\"8fb7e3b\" data-element_type=\"widget\" data-e-type=\"widget\" data-settings=\"{&quot;_animation&quot;:&quot;fadeIn&quot;}\" data-widget_type=\"text-editor.default\">\n\t\t\t\t\t\t\t\t\t<p><span style=\"font-weight: 400;\">Impe\u00e7a fraudes e especula\u00e7\u00e3o com um marketplace de revenda seguro na plataforma. Os f\u00e3s negociam com seguran\u00e7a dentro das suas regras e limites de pre\u00e7o.<\/span><\/p>\t\t\t\t\t\t\t\t<\/div>\n\t\t\t\t<\/div>\n\t\t\t\t<\/div>\n\t\t\t\t\t<\/div>\n\t\t\t\t<\/div>\n\t\t<div class=\"elementor-element elementor-element-23d08fd e-flex e-con-boxed e-con e-parent\" data-id=\"23d08fd\" data-element_type=\"container\" data-e-type=\"container\" data-settings=\"{&quot;background_background&quot;:&quot;classic&quot;}\">\n\t\t\t\t\t<div class=\"e-con-inner\">\n\t\t<div class=\"elementor-element elementor-element-57e4c12 e-con-full e-flex e-con e-child\" data-id=\"57e4c12\" data-element_type=\"container\" data-e-type=\"container\">\n\t\t<div class=\"elementor-element elementor-element-5b3c9e5 e-con-full e-flex e-con e-child\" data-id=\"5b3c9e5\" data-element_type=\"container\" data-e-type=\"container\">\n\t\t\t\t<div class=\"elementor-element elementor-element-a7df715 elementor-invisible elementor-widget elementor-widget-heading\" data-id=\"a7df715\" data-element_type=\"widget\" data-e-type=\"widget\" data-settings=\"{&quot;_animation&quot;:&quot;fadeIn&quot;}\" data-widget_type=\"heading.default\">\n\t\t\t\t\t<h2 class=\"elementor-heading-title elementor-size-default\">Vendas B2B e Hospitalidade<\/h2>\t\t\t\t<\/div>\n\t\t\t\t<\/div>\n\t\t<div class=\"elementor-element elementor-element-3fb0a98 e-con-full e-flex e-con e-child\" data-id=\"3fb0a98\" data-element_type=\"container\" data-e-type=\"container\">\n\t\t\t\t<div class=\"elementor-element elementor-element-22ebeb7 elementor-invisible elementor-widget elementor-widget-text-editor\" data-id=\"22ebeb7\" data-element_type=\"widget\" data-e-type=\"widget\" data-settings=\"{&quot;_animation&quot;:&quot;fadeIn&quot;}\" data-widget_type=\"text-editor.default\">\n\t\t\t\t\t\t\t\t\t<p><span style=\"font-weight: 400;\">Agregue valor e fortale\u00e7a a participa\u00e7\u00e3o dos seus patrocinadores e clientes corporativos com ferramentas dedicadas para gerenciar acesso VIP, lounges e distribui\u00e7\u00e3o de ingressos, de forma independente, impulsionando o crescimento da receita em sincronia com seu neg\u00f3cio.<\/span><\/p>\t\t\t\t\t\t\t\t<\/div>\n\t\t\t\t<\/div>\n\t\t\t\t<\/div>\n\t\t\t\t\t<\/div>\n\t\t\t\t<\/div>\n\t\t<div class=\"elementor-element elementor-element-5f283f1 e-flex e-con-boxed e-con e-parent\" data-id=\"5f283f1\" data-element_type=\"container\" data-e-type=\"container\" data-settings=\"{&quot;background_background&quot;:&quot;classic&quot;}\">\n\t\t\t\t\t<div class=\"e-con-inner\">\n\t\t<div class=\"elementor-element elementor-element-8cd4be4 e-con-full e-flex e-con e-child\" data-id=\"8cd4be4\" data-element_type=\"container\" data-e-type=\"container\">\n\t\t<div class=\"elementor-element elementor-element-ae15b4f e-con-full e-flex e-con e-child\" data-id=\"ae15b4f\" data-element_type=\"container\" data-e-type=\"container\">\n\t\t\t\t<div class=\"elementor-element elementor-element-cd7079d elementor-invisible elementor-widget elementor-widget-heading\" data-id=\"cd7079d\" data-element_type=\"widget\" data-e-type=\"widget\" data-settings=\"{&quot;_animation&quot;:&quot;fadeIn&quot;}\" data-widget_type=\"heading.default\">\n\t\t\t\t\t<h2 class=\"elementor-heading-title elementor-size-default\">Vendas Simplificadas de Ingressos de Temporada<\/h2>\t\t\t\t<\/div>\n\t\t\t\t<\/div>\n\t\t<div class=\"elementor-element elementor-element-2593e48 e-con-full e-flex e-con e-child\" data-id=\"2593e48\" data-element_type=\"container\" data-e-type=\"container\">\n\t\t\t\t<div class=\"elementor-element elementor-element-7427e53 elementor-invisible elementor-widget elementor-widget-text-editor\" data-id=\"7427e53\" data-element_type=\"widget\" data-e-type=\"widget\" data-settings=\"{&quot;_animation&quot;:&quot;fadeIn&quot;}\" data-widget_type=\"text-editor.default\">\n\t\t\t\t\t\t\t\t\t<p><span style=\"font-weight: 400;\">Os f\u00e3s podem facilmente renovar, trocar assentos e adicionar melhorias com poucos cliques, enquanto sua equipe economiza centenas de horas de trabalho e liga\u00e7\u00f5es telef\u00f4nicas.<\/span><\/p>\t\t\t\t\t\t\t\t<\/div>\n\t\t\t\t<\/div>\n\t\t\t\t<\/div>\n\t\t\t\t\t<\/div>\n\t\t\t\t<\/div>\n\t\t<div class=\"elementor-element elementor-element-a86ee9b e-flex e-con-boxed e-con e-parent\" data-id=\"a86ee9b\" data-element_type=\"container\" data-e-type=\"container\" data-settings=\"{&quot;background_background&quot;:&quot;gradient&quot;}\">\n\t\t\t\t\t<div class=\"e-con-inner\">\n\t\t<div class=\"elementor-element elementor-element-c134e44 e-con-full e-flex e-con e-child\" data-id=\"c134e44\" data-element_type=\"container\" data-e-type=\"container\">\n\t\t<div class=\"elementor-element elementor-element-6daa278 e-con-full e-flex elementor-invisible e-con e-child\" data-id=\"6daa278\" data-element_type=\"container\" data-e-type=\"container\" data-settings=\"{&quot;background_background&quot;:&quot;gradient&quot;,&quot;animation&quot;:&quot;fadeIn&quot;}\">\n\t\t\t\t<div class=\"elementor-element elementor-element-18abbca elementor-widget elementor-widget-heading\" data-id=\"18abbca\" data-element_type=\"widget\" data-e-type=\"widget\" data-widget_type=\"heading.default\">\n\t\t\t\t\t<h2 class=\"elementor-heading-title elementor-size-default\">Menores Custos, Maior Efici\u00eancia<\/h2>\t\t\t\t<\/div>\n\t\t\t\t<div class=\"elementor-element elementor-element-f465593 elementor-widget elementor-widget-text-editor\" data-id=\"f465593\" data-element_type=\"widget\" data-e-type=\"widget\" data-widget_type=\"text-editor.default\">\n\t\t\t\t\t\t\t\t\t<p><span style=\"font-weight: 400;\">Automatize o trabalho administrativo e concentre sua equipe em vendas e marketing de alto valor.<\/span><\/p>\t\t\t\t\t\t\t\t<\/div>\n\t\t\t\t<\/div>\n\t\t<div class=\"elementor-element elementor-element-f3c26a8 e-con-full e-flex elementor-invisible e-con e-child\" data-id=\"f3c26a8\" data-element_type=\"container\" data-e-type=\"container\" data-settings=\"{&quot;background_background&quot;:&quot;gradient&quot;,&quot;animation&quot;:&quot;fadeIn&quot;}\">\n\t\t\t\t<div class=\"elementor-element elementor-element-9de72b3 elementor-widget elementor-widget-heading\" data-id=\"9de72b3\" data-element_type=\"widget\" data-e-type=\"widget\" data-widget_type=\"heading.default\">\n\t\t\t\t\t<h2 class=\"elementor-heading-title elementor-size-default\">Insights do P\u00fablico Baseados em Dados<\/h2>\t\t\t\t<\/div>\n\t\t\t\t<div class=\"elementor-element elementor-element-729a743 elementor-widget elementor-widget-text-editor\" data-id=\"729a743\" data-element_type=\"widget\" data-e-type=\"widget\" data-widget_type=\"text-editor.default\">\n\t\t\t\t\t\t\t\t\t<p><span style=\"font-weight: 400;\">Obtenha uma vis\u00e3o 360\u00b0 do seu p\u00fablico (quem s\u00e3o, do que gostam e como se envolvem) para criar ofertas irresist\u00edveis, lan\u00e7ar campanhas personalizadas e criar momentos significativos para os f\u00e3s que aumentam a fidelidade e a receita. Acompanhe o desempenho em tempo real e continue melhorando a cada evento.<\/span><\/p>\t\t\t\t\t\t\t\t<\/div>\n\t\t\t\t<\/div>\n\t\t\t\t<\/div>\n\t\t<div class=\"elementor-element elementor-element-b48a21d e-con-full e-flex e-con e-child\" data-id=\"b48a21d\" data-element_type=\"container\" data-e-type=\"container\">\n\t\t<div class=\"elementor-element elementor-element-5bc3160 e-con-full e-flex elementor-invisible e-con e-child\" data-id=\"5bc3160\" data-element_type=\"container\" data-e-type=\"container\" data-settings=\"{&quot;background_background&quot;:&quot;gradient&quot;,&quot;animation&quot;:&quot;fadeIn&quot;}\">\n\t\t\t\t<div class=\"elementor-element elementor-element-598ce96 elementor-widget elementor-widget-heading\" data-id=\"598ce96\" data-element_type=\"widget\" data-e-type=\"widget\" data-widget_type=\"heading.default\">\n\t\t\t\t\t<h2 class=\"elementor-heading-title elementor-size-default\">Integra\u00e7\u00f5es Perfeitas<\/h2>\t\t\t\t<\/div>\n\t\t\t\t<div class=\"elementor-element elementor-element-3791946 elementor-widget elementor-widget-text-editor\" data-id=\"3791946\" data-element_type=\"widget\" data-e-type=\"widget\" data-widget_type=\"text-editor.default\">\n\t\t\t\t\t\t\t\t\t<p><span style=\"font-weight: 400;\">Integre facilmente a plataforma de venda de ingressos com seu ecossistema existente (ERP, CRM, Web, App) ou solu\u00e7\u00f5es de terceiros como programas de seguro e fidelidade.<\/span><\/p>\t\t\t\t\t\t\t\t<\/div>\n\t\t\t\t<\/div>\n\t\t<div class=\"elementor-element elementor-element-18683ae e-con-full e-flex elementor-invisible e-con e-child\" data-id=\"18683ae\" data-element_type=\"container\" data-e-type=\"container\" data-settings=\"{&quot;background_background&quot;:&quot;gradient&quot;,&quot;animation&quot;:&quot;fadeIn&quot;}\">\n\t\t\t\t<div class=\"elementor-element elementor-element-e002bb9 elementor-widget elementor-widget-heading\" data-id=\"e002bb9\" data-element_type=\"widget\" data-e-type=\"widget\" data-widget_type=\"heading.default\">\n\t\t\t\t\t<h2 class=\"elementor-heading-title elementor-size-default\">Ofere\u00e7a sele\u00e7\u00e3o de assentos 3D online<\/h2>\t\t\t\t<\/div>\n\t\t\t\t<div class=\"elementor-element elementor-element-3707079 elementor-widget elementor-widget-text-editor\" data-id=\"3707079\" data-element_type=\"widget\" data-e-type=\"widget\" data-widget_type=\"text-editor.default\">\n\t\t\t\t\t\t\t\t\t<p><span style=\"font-weight: 400;\">Mapas 3D interativos permitem que os f\u00e3s escolham seus assentos online e vejam em tempo real.<\/span><\/p>\t\t\t\t\t\t\t\t<\/div>\n\t\t\t\t<\/div>\n\t\t\t\t<\/div>\n\t\t\t\t\t<\/div>\n\t\t\t\t<\/div>\n\t\t<div class=\"elementor-element elementor-element-42be7b4 e-con-full elementor-hidden-desktop elementor-hidden-tablet elementor-hidden-mobile e-flex e-con e-parent\" data-id=\"42be7b4\" data-element_type=\"container\" data-e-type=\"container\" data-settings=\"{&quot;background_background&quot;:&quot;gradient&quot;}\">\n\t\t<div class=\"elementor-element elementor-element-89bc625 e-con-full e-flex e-con e-child\" data-id=\"89bc625\" data-element_type=\"container\" data-e-type=\"container\">\n\t\t<div class=\"elementor-element elementor-element-067a8d9 e-con-full e-flex e-con e-child\" data-id=\"067a8d9\" data-element_type=\"container\" data-e-type=\"container\">\n\t\t\t\t<div class=\"elementor-element elementor-element-4a702c8 elementor-widget elementor-widget-image\" data-id=\"4a702c8\" data-element_type=\"widget\" data-e-type=\"widget\" data-widget_type=\"image.default\">\n\t\t\t\t\t\t\t\t\t\t\t\t\t\t\t<img fetchpriority=\"high\" decoding=\"async\" width=\"962\" height=\"1200\" src=\"https:\/\/fantix.nuna.tech\/wp-content\/uploads\/2025\/09\/mitch-rosen-g9SNY0aLMF0-unsplash-1.webp\" class=\"attachment-full size-full wp-image-1677\" alt=\"\" srcset=\"https:\/\/fantix.nuna.tech\/wp-content\/uploads\/2025\/09\/mitch-rosen-g9SNY0aLMF0-unsplash-1.webp 962w, https:\/\/fantix.nuna.tech\/wp-content\/uploads\/2025\/09\/mitch-rosen-g9SNY0aLMF0-unsplash-1-241x300.webp 241w, https:\/\/fantix.nuna.tech\/wp-content\/uploads\/2025\/09\/mitch-rosen-g9SNY0aLMF0-unsplash-1-821x1024.webp 821w, https:\/\/fantix.nuna.tech\/wp-content\/uploads\/2025\/09\/mitch-rosen-g9SNY0aLMF0-unsplash-1-768x958.webp 768w\" sizes=\"(max-width: 962px) 100vw, 962px\" \/>\t\t\t\t\t\t\t\t\t\t\t\t\t\t\t<\/div>\n\t\t\t\t<\/div>\n\t\t<div class=\"elementor-element elementor-element-4022d3f e-con-full e-flex e-con e-child\" data-id=\"4022d3f\" data-element_type=\"container\" data-e-type=\"container\">\n\t\t<div class=\"elementor-element elementor-element-47dbb42 e-con-full e-flex e-con e-child\" data-id=\"47dbb42\" data-element_type=\"container\" data-e-type=\"container\">\n\t\t\t\t<div class=\"elementor-element elementor-element-707f985 elementor-invisible elementor-widget elementor-widget-heading\" data-id=\"707f985\" data-element_type=\"widget\" data-e-type=\"widget\" data-settings=\"{&quot;_animation&quot;:&quot;fadeIn&quot;}\" data-widget_type=\"heading.default\">\n\t\t\t\t\t<h2 class=\"elementor-heading-title elementor-size-default\">Receitas de Servi\u00e7os B2B e Hospitalidade<\/h2>\t\t\t\t<\/div>\n\t\t\t\t<div class=\"elementor-element elementor-element-ee19222 elementor-widget__width-initial elementor-invisible elementor-widget elementor-widget-text-editor\" data-id=\"ee19222\" data-element_type=\"widget\" data-e-type=\"widget\" data-settings=\"{&quot;_animation&quot;:&quot;fadeIn&quot;}\" data-widget_type=\"text-editor.default\">\n\t\t\t\t\t\t\t\t\t<p>Expanda a venda de ingressos para uma rica oferta de produtos \u2013 ingressos, ingressos de temporada, cart\u00f5es fidelidade, visitas guiadas, visitas em grupo, eventos privados, produtos, vales e muito mais.<\/p>\t\t\t\t\t\t\t\t<\/div>\n\t\t\t\t<\/div>\n\t\t<div class=\"elementor-element elementor-element-c28f060 e-con-full e-flex e-con e-child\" data-id=\"c28f060\" data-element_type=\"container\" data-e-type=\"container\">\n\t\t\t\t<div class=\"elementor-element elementor-element-b668687 elementor-invisible elementor-widget elementor-widget-heading\" data-id=\"b668687\" data-element_type=\"widget\" data-e-type=\"widget\" data-settings=\"{&quot;_animation&quot;:&quot;fadeIn&quot;}\" data-widget_type=\"heading.default\">\n\t\t\t\t\t<h2 class=\"elementor-heading-title elementor-size-default\">Vendas Simplificadas de Ingressos de Temporada<\/h2>\t\t\t\t<\/div>\n\t\t\t\t<div class=\"elementor-element elementor-element-3df7e49 elementor-invisible elementor-widget elementor-widget-text-editor\" data-id=\"3df7e49\" data-element_type=\"widget\" data-e-type=\"widget\" data-settings=\"{&quot;_animation&quot;:&quot;fadeIn&quot;}\" data-widget_type=\"text-editor.default\">\n\t\t\t\t\t\t\t\t\t<p>Permita que os f\u00e3s renovem independentemente os ingressos de temporada online, alterem e adicionem assentos \u2013 e libere sua equipe de tarefas administrativas estressantes e intermin\u00e1veis liga\u00e7\u00f5es telef\u00f4nicas.<\/p>\t\t\t\t\t\t\t\t<\/div>\n\t\t\t\t<\/div>\n\t\t\t\t<\/div>\n\t\t\t\t<\/div>\n\t\t\t\t<\/div>\n\t\t\t\t<\/div>\n\t\t","protected":false},"excerpt":{"rendered":"<p>Solu\u00e7\u00f5es digitais avan\u00e7adas Eleve sua venda de ingressos a outro n\u00edvel, com seguran\u00e7a e integra\u00e7\u00e3o Vendas de Ingressos Omnicanal Assuma o controle de todos os canais de venda: web, bilheteria, central de atendimento, parceiros B2B, distribuidores e patrocinadores, tudo em uma \u00fanica plataforma integrada. Venda Mais do que Ingressos Desbloqueie novas fontes de receita: passes [&hellip;]<\/p>\n","protected":false},"author":1,"featured_media":0,"parent":0,"menu_order":0,"comment_status":"closed","ping_status":"closed","template":"","meta":{"footnotes":""},"class_list":["post-1676","page","type-page","status-publish","hentry"],"_links":{"self":[{"href":"https:\/\/fantix.nuna.tech\/pt-br\/wp-json\/wp\/v2\/pages\/1676","targetHints":{"allow":["GET"]}}],"collection":[{"href":"https:\/\/fantix.nuna.tech\/pt-br\/wp-json\/wp\/v2\/pages"}],"about":[{"href":"https:\/\/fantix.nuna.tech\/pt-br\/wp-json\/wp\/v2\/types\/page"}],"author":[{"embeddable":true,"href":"https:\/\/fantix.nuna.tech\/pt-br\/wp-json\/wp\/v2\/users\/1"}],"replies":[{"embeddable":true,"href":"https:\/\/fantix.nuna.tech\/pt-br\/wp-json\/wp\/v2\/comments?post=1676"}],"version-history":[{"count":11,"href":"https:\/\/fantix.nuna.tech\/pt-br\/wp-json\/wp\/v2\/pages\/1676\/revisions"}],"predecessor-version":[{"id":2023,"href":"https:\/\/fantix.nuna.tech\/pt-br\/wp-json\/wp\/v2\/pages\/1676\/revisions\/2023"}],"wp:attachment":[{"href":"https:\/\/fantix.nuna.tech\/pt-br\/wp-json\/wp\/v2\/media?parent=1676"}],"curies":[{"name":"wp","href":"https:\/\/api.w.org\/{rel}","templated":true}]}}